{"id":5119,"date":"2018-06-14T09:08:11","date_gmt":"2018-06-14T08:08:11","guid":{"rendered":"https:\/\/www.sehnsucht-ruegen.com\/blog\/"},"modified":"2025-03-13T07:52:50","modified_gmt":"2025-03-13T07:52:50","slug":"news","status":"publish","type":"page","link":"https:\/\/www.sehnsucht-ruegen.com\/en\/news\/","title":{"rendered":"News!"},"content":{"rendered":"\t\t<div data-elementor-type=\"wp-post\" data-elementor-id=\"5119\" class=\"elementor elementor-5119\">\n\t\t\t\t\t\t<section class=\"elementor-section elementor-top-section elementor-element elementor-element-18fe1f8 elementor-section-boxed elementor-section-height-default elementor-section-height-default\" data-id=\"18fe1f8\" data-element_type=\"section\" data-settings=\"{&quot;hoteller_ext_is_background_parallax&quot;:&quot;false&quot;,&quot;hoteller_ext_is_background_backdrop&quot;:&quot;false&quot;,&quot;hoteller_ext_is_background_on_scroll&quot;:&quot;false&quot;}\">\n\t\t\t\t\t\t<div class=\"elementor-container elementor-column-gap-default\">\n\t\t\t\t\t<div class=\"elementor-column elementor-col-100 elementor-top-column elementor-element elementor-element-3569fee1\" data-id=\"3569fee1\" data-element_type=\"column\" data-settings=\"{&quot;hoteller_ext_link_sidemenu&quot;:&quot;false&quot;,&quot;hoteller_ext_link_fullmenu&quot;:&quot;false&quot;,&quot;hoteller_ext_link_closed_fullmenu&quot;:&quot;false&quot;,&quot;hoteller_ext_is_scrollme&quot;:&quot;false&quot;,&quot;hoteller_ext_is_smoove&quot;:&quot;false&quot;,&quot;hoteller_ext_is_parallax_mouse&quot;:&quot;false&quot;,&quot;hoteller_ext_is_infinite&quot;:&quot;false&quot;,&quot;hoteller_ext_is_fadeout_animation&quot;:&quot;false&quot;,&quot;hoteller_ext_mobile_static&quot;:&quot;false&quot;}\">\n\t\t\t<div class=\"elementor-widget-wrap elementor-element-populated\">\n\t\t\t\t\t\t<div class=\"elementor-element elementor-element-3af0242 elementor-invisible elementor-widget elementor-widget-heading\" data-id=\"3af0242\" data-element_type=\"widget\" data-settings=\"{&quot;_animation&quot;:&quot;fadeIn&quot;,&quot;hoteller_ext_link_sidemenu&quot;:&quot;false&quot;,&quot;hoteller_ext_link_fullmenu&quot;:&quot;false&quot;,&quot;hoteller_ext_link_closed_fullmenu&quot;:&quot;false&quot;,&quot;hoteller_ext_is_scrollme&quot;:&quot;false&quot;,&quot;hoteller_ext_is_smoove&quot;:&quot;false&quot;,&quot;hoteller_ext_is_parallax_mouse&quot;:&quot;false&quot;,&quot;hoteller_ext_is_infinite&quot;:&quot;false&quot;,&quot;hoteller_ext_is_fadeout_animation&quot;:&quot;false&quot;,&quot;hoteller_ext_mobile_static&quot;:&quot;false&quot;}\" data-widget_type=\"heading.default\">\n\t\t\t\t<div class=\"elementor-widget-container\">\n\t\t\t\t\t<h1 class=\"elementor-heading-title elementor-size-default\">'What's up' in Sellin and surroundings<\/h1>\t\t\t\t<\/div>\n\t\t\t\t<\/div>\n\t\t\t\t<div class=\"elementor-element elementor-element-2419dba elementor-invisible elementor-widget elementor-widget-text-editor\" data-id=\"2419dba\" data-element_type=\"widget\" data-settings=\"{&quot;_animation&quot;:&quot;fadeIn&quot;,&quot;_animation_delay&quot;:100,&quot;hoteller_ext_link_sidemenu&quot;:&quot;false&quot;,&quot;hoteller_ext_link_fullmenu&quot;:&quot;false&quot;,&quot;hoteller_ext_link_closed_fullmenu&quot;:&quot;false&quot;,&quot;hoteller_ext_is_scrollme&quot;:&quot;false&quot;,&quot;hoteller_ext_is_smoove&quot;:&quot;false&quot;,&quot;hoteller_ext_is_parallax_mouse&quot;:&quot;false&quot;,&quot;hoteller_ext_is_infinite&quot;:&quot;false&quot;,&quot;hoteller_ext_is_fadeout_animation&quot;:&quot;false&quot;,&quot;hoteller_ext_mobile_static&quot;:&quot;false&quot;}\" data-widget_type=\"text-editor.default\">\n\t\t\t\t<div class=\"elementor-widget-container\">\n\t\t\t\t\t\t\t\t\t<p class=\"p1\"><strong data-start=\"0\" data-end=\"72\">Subscribe to our blog on Instagram and Facebook and stay up to date!<\/strong><\/p>\t\t\t\t\t\t\t\t<\/div>\n\t\t\t\t<\/div>\n\t\t\t\t\t<\/div>\n\t\t<\/div>\n\t\t\t\t\t<\/div>\n\t\t<\/section>\n\t\t\t\t<section class=\"elementor-section elementor-top-section elementor-element elementor-element-b86fc27 elementor-section-full_width elementor-section-height-default elementor-section-height-default\" data-id=\"b86fc27\" data-element_type=\"section\" data-settings=\"{&quot;hoteller_ext_is_background_parallax&quot;:&quot;false&quot;,&quot;hoteller_ext_is_background_backdrop&quot;:&quot;false&quot;,&quot;hoteller_ext_is_background_on_scroll&quot;:&quot;false&quot;}\">\n\t\t\t\t\t\t<div class=\"elementor-container elementor-column-gap-default\">\n\t\t\t\t\t<div class=\"elementor-column elementor-col-100 elementor-top-column elementor-element elementor-element-08d06cf\" data-id=\"08d06cf\" data-element_type=\"column\" data-settings=\"{&quot;hoteller_ext_link_sidemenu&quot;:&quot;false&quot;,&quot;hoteller_ext_link_fullmenu&quot;:&quot;false&quot;,&quot;hoteller_ext_link_closed_fullmenu&quot;:&quot;false&quot;,&quot;hoteller_ext_is_scrollme&quot;:&quot;false&quot;,&quot;hoteller_ext_is_smoove&quot;:&quot;false&quot;,&quot;hoteller_ext_is_parallax_mouse&quot;:&quot;false&quot;,&quot;hoteller_ext_is_infinite&quot;:&quot;false&quot;,&quot;hoteller_ext_is_fadeout_animation&quot;:&quot;false&quot;,&quot;hoteller_ext_mobile_static&quot;:&quot;false&quot;}\">\n\t\t\t<div class=\"elementor-widget-wrap elementor-element-populated\">\n\t\t\t\t\t\t<div class=\"elementor-element elementor-element-93cba18 elementor-widget elementor-widget-hoteller-blog-posts\" data-id=\"93cba18\" data-element_type=\"widget\" data-settings=\"{&quot;hoteller_ext_link_sidemenu&quot;:&quot;false&quot;,&quot;hoteller_ext_link_fullmenu&quot;:&quot;false&quot;,&quot;hoteller_ext_link_closed_fullmenu&quot;:&quot;false&quot;,&quot;hoteller_ext_is_scrollme&quot;:&quot;false&quot;,&quot;hoteller_ext_is_smoove&quot;:&quot;false&quot;,&quot;hoteller_ext_is_parallax_mouse&quot;:&quot;false&quot;,&quot;hoteller_ext_is_infinite&quot;:&quot;false&quot;,&quot;hoteller_ext_is_fadeout_animation&quot;:&quot;false&quot;,&quot;hoteller_ext_mobile_static&quot;:&quot;false&quot;}\" data-widget_type=\"hoteller-blog-posts.default\">\n\t\t\t\t<div class=\"elementor-widget-container\">\n\t\t\t\t\t<div class=\"blog_post_content_wrapper layout_grid\">\n<!-- Begin each blog post -->\n<div class=\"blog-posts-grid post-5278 post type-post status-publish format-standard has-post-thumbnail hentry category-ruegen-in-bewegung-en\">\n\n\t<div class=\"post_wrapper\">\n\t\t\n\t\t\t\t    <div class=\"post_img static\">\n\t\t\t    \t\t\t    <div class=\"post_img_hover \">\n\t\t\t     \t\t\t\t\t     <img decoding=\"async\" src=\"https:\/\/www.sehnsucht-ruegen.com\/wp-content\/uploads\/iStock-547536364-960x604.jpg\" class=\"\" alt=\"a dog with a tennis ball in its mouth in the water\" title=\"\">\n\t\t\t\t     \t\t\t     \t\t\t\t     \t<a href=\"https:\/\/www.sehnsucht-ruegen.com\/en\/pfoten-im-sand-urlaub-in-sellin-mit-deinem-vierbeiner-%f0%9f%90%be\/\"><\/a>\n\t\t\t    <\/div>\n\t\t    <\/div>\n\t\t\t    \n\t    <div class=\"post_content_wrapper text_center\">\n\t\t    \n\t\t    <div class=\"post_header\">\n\t\t\t    \t\t\t    <div class=\"post_detail single_post\">\n\t\t\t    \t<span class=\"post_info_cat\">\n\t\t\t\t\t\t\t\t\t\t\t\t      \t<a href=\"https:\/\/www.sehnsucht-ruegen.com\/en\/category\/ruegen-in-bewegung-en\/\">R\u00fcgen in Bewegung<\/a>\n\t\t\t\t\t\t\t\t\t    \t<\/span>\n\t\t\t \t<\/div>\n\t\t\t \t\t\t\t\t<div class=\"post_header_title\">\n\t\t\t\t    <h5><a href=\"https:\/\/www.sehnsucht-ruegen.com\/en\/pfoten-im-sand-urlaub-in-sellin-mit-deinem-vierbeiner-%f0%9f%90%be\/\" title=\"Pfoten im Sand: Urlaub in Sellin mit deinem Vierbeiner! \ud83d\udc3e\">Pfoten im Sand: Urlaub in Sellin mit deinem Vierbeiner! \ud83d\udc3e<\/a><\/h5>\n\t\t\t\t<\/div>\n\t\t\t<\/div>\n\t    \n\t\t\t<div class=\"post_header_wrapper\">\n\t\t\t\t\t\t\t    \t\t\t    <div class=\"post_button_wrapper\">\n\t\t\t    \t<div class=\"post_attribute\">\n\t\t\t\t\t    <a href=\"https:\/\/www.sehnsucht-ruegen.com\/en\/pfoten-im-sand-urlaub-in-sellin-mit-deinem-vierbeiner-%f0%9f%90%be\/\" title=\"Pfoten im Sand: Urlaub in Sellin mit deinem Vierbeiner! \ud83d\udc3e\">March 15, 2025<\/a>\n\t\t\t\t\t<\/div>\n\t\t\t    <\/div>\n\t\t\t    \t\t\t<\/div>\n\t    <\/div>\n\t    \n\t<\/div>\n\n<\/div>\n\n<!-- End each blog post --><!-- Begin each blog post -->\n<div class=\"blog-posts-grid post-5081 post type-post status-publish format-standard has-post-thumbnail hentry category-dies-das-en tag-familienaktivitaet-en tag-natur-en tag-naturschutz-en tag-soziale-verantwortung-en\">\n\n\t<div class=\"post_wrapper\">\n\t\t\n\t\t\t\t    <div class=\"post_img static\">\n\t\t\t    \t\t\t    <div class=\"post_img_hover \">\n\t\t\t     \t\t\t\t\t     <img decoding=\"async\" src=\"https:\/\/www.sehnsucht-ruegen.com\/wp-content\/uploads\/2025\/03\/iStock-1273367897-960x604.jpg\" class=\"\" alt=\"a group of people picking up trash in the woods\" title=\"\">\n\t\t\t\t     \t\t\t     \t\t\t\t     \t<a href=\"https:\/\/www.sehnsucht-ruegen.com\/en\/spring-cleaning-in-the-biosphere-reserve-together-for-a-clean-nature\/\"><\/a>\n\t\t\t    <\/div>\n\t\t    <\/div>\n\t\t\t    \n\t    <div class=\"post_content_wrapper text_center\">\n\t\t    \n\t\t    <div class=\"post_header\">\n\t\t\t    \t\t\t    <div class=\"post_detail single_post\">\n\t\t\t    \t<span class=\"post_info_cat\">\n\t\t\t\t\t\t\t\t\t\t\t\t      \t<a href=\"https:\/\/www.sehnsucht-ruegen.com\/en\/category\/dies-das-en\/\">Dies &amp; Das<\/a>\n\t\t\t\t\t\t\t\t\t    \t<\/span>\n\t\t\t \t<\/div>\n\t\t\t \t\t\t\t\t<div class=\"post_header_title\">\n\t\t\t\t    <h5><a href=\"https:\/\/www.sehnsucht-ruegen.com\/en\/spring-cleaning-in-the-biosphere-reserve-together-for-a-clean-nature\/\" title=\"Spring Cleaning in the Biosphere Reserve \u2013 Together for a Clean Nature!\">Spring Cleaning in the Biosphere Reserve \u2013 Together for a Clean Nature!<\/a><\/h5>\n\t\t\t\t<\/div>\n\t\t\t<\/div>\n\t    \n\t\t\t<div class=\"post_header_wrapper\">\n\t\t\t\t\t\t\t    \t\t\t    <div class=\"post_button_wrapper\">\n\t\t\t    \t<div class=\"post_attribute\">\n\t\t\t\t\t    <a href=\"https:\/\/www.sehnsucht-ruegen.com\/en\/spring-cleaning-in-the-biosphere-reserve-together-for-a-clean-nature\/\" title=\"Spring Cleaning in the Biosphere Reserve \u2013 Together for a Clean Nature!\">March 11, 2025<\/a>\n\t\t\t\t\t<\/div>\n\t\t\t    <\/div>\n\t\t\t    \t\t\t<\/div>\n\t    <\/div>\n\t    \n\t<\/div>\n\n<\/div>\n\n<!-- End each blog post --><!-- Begin each blog post -->\n<div class=\"blog-posts-grid post-3841 post type-post status-publish format-standard has-post-thumbnail hentry category-kulinarisches-en tag-brande-en tag-gin-en tag-likore-en tag-rugen-en tag-rum-en tag-stortebeker-en tag-whisky-en\">\n\n\t<div class=\"post_wrapper\">\n\t\t\n\t\t\t\t    <div class=\"post_img static\">\n\t\t\t    \t\t\t    <div class=\"post_img_hover \">\n\t\t\t     \t\t\t\t\t     <img decoding=\"async\" src=\"https:\/\/www.sehnsucht-ruegen.com\/wp-content\/uploads\/2025\/03\/iStock-533957701-960x604.jpg\" class=\"\" alt=\"a glass of whiskey being poured into a glass\" title=\"\">\n\t\t\t\t     \t\t\t     \t\t\t\t     \t<a href=\"https:\/\/www.sehnsucht-ruegen.com\/en\/whiskey-ist-flussige-philosophie\/\"><\/a>\n\t\t\t    <\/div>\n\t\t    <\/div>\n\t\t\t    \n\t    <div class=\"post_content_wrapper text_center\">\n\t\t    \n\t\t    <div class=\"post_header\">\n\t\t\t    \t\t\t    <div class=\"post_detail single_post\">\n\t\t\t    \t<span class=\"post_info_cat\">\n\t\t\t\t\t\t\t\t\t\t\t\t      \t<a href=\"https:\/\/www.sehnsucht-ruegen.com\/en\/category\/kulinarisches-en\/\">Kulinarisches<\/a>\n\t\t\t\t\t\t\t\t\t    \t<\/span>\n\t\t\t \t<\/div>\n\t\t\t \t\t\t\t\t<div class=\"post_header_title\">\n\t\t\t\t    <h5><a href=\"https:\/\/www.sehnsucht-ruegen.com\/en\/whiskey-ist-flussige-philosophie\/\" title=\"Whiskey ist fl\u00fcssige Philosophie. St\u00f6rtebeker Whisky auf R\u00fcgen.\">Whiskey ist fl\u00fcssige Philosophie. St\u00f6rtebeker Whisky auf R\u00fcgen.<\/a><\/h5>\n\t\t\t\t<\/div>\n\t\t\t<\/div>\n\t    \n\t\t\t<div class=\"post_header_wrapper\">\n\t\t\t\t\t\t\t    \t\t\t    <div class=\"post_button_wrapper\">\n\t\t\t    \t<div class=\"post_attribute\">\n\t\t\t\t\t    <a href=\"https:\/\/www.sehnsucht-ruegen.com\/en\/whiskey-ist-flussige-philosophie\/\" title=\"Whiskey ist fl\u00fcssige Philosophie. St\u00f6rtebeker Whisky auf R\u00fcgen.\">March 7, 2025<\/a>\n\t\t\t\t\t<\/div>\n\t\t\t    <\/div>\n\t\t\t    \t\t\t<\/div>\n\t    <\/div>\n\t    \n\t<\/div>\n\n<\/div>\n\n<!-- End each blog post --><!-- Begin each blog post -->\n<div class=\"blog-posts-grid post-3842 post type-post status-publish format-standard has-post-thumbnail hentry category-ruegen-in-bewegung-en tag-ausdauer-en tag-bewegung-auf-rugen-en tag-entspannung-en tag-flexibilitat-en tag-frische-luft-en tag-herz-kreislauf-en tag-nordic-walking-en tag-strand-en tag-veranstaltung-sellin-en tag-wanderung-en tag-yoga-en\">\n\n\t<div class=\"post_wrapper\">\n\t\t\n\t\t\t\t    <div class=\"post_img static\">\n\t\t\t    \t\t\t    <div class=\"post_img_hover \">\n\t\t\t     \t\t\t\t\t     <img decoding=\"async\" src=\"https:\/\/www.sehnsucht-ruegen.com\/wp-content\/uploads\/2025\/02\/women-7687129_1920-960x604.jpg\" class=\"\" alt=\"two women standing on one leg and one leg with arms raised on the other\" title=\"\">\n\t\t\t\t     \t\t\t     \t\t\t\t     \t<a href=\"https:\/\/www.sehnsucht-ruegen.com\/en\/yoga-und-nordic-walking-in-sellin\/\"><\/a>\n\t\t\t    <\/div>\n\t\t    <\/div>\n\t\t\t    \n\t    <div class=\"post_content_wrapper text_center\">\n\t\t    \n\t\t    <div class=\"post_header\">\n\t\t\t    \t\t\t    <div class=\"post_detail single_post\">\n\t\t\t    \t<span class=\"post_info_cat\">\n\t\t\t\t\t\t\t\t\t\t\t\t      \t<a href=\"https:\/\/www.sehnsucht-ruegen.com\/en\/category\/ruegen-in-bewegung-en\/\">R\u00fcgen in Bewegung<\/a>\n\t\t\t\t\t\t\t\t\t    \t<\/span>\n\t\t\t \t<\/div>\n\t\t\t \t\t\t\t\t<div class=\"post_header_title\">\n\t\t\t\t    <h5><a href=\"https:\/\/www.sehnsucht-ruegen.com\/en\/yoga-und-nordic-walking-in-sellin\/\" title=\"Yoga und Nordic Walking in Sellin\">Yoga und Nordic Walking in Sellin<\/a><\/h5>\n\t\t\t\t<\/div>\n\t\t\t<\/div>\n\t    \n\t\t\t<div class=\"post_header_wrapper\">\n\t\t\t\t\t\t\t    \t\t\t    <div class=\"post_button_wrapper\">\n\t\t\t    \t<div class=\"post_attribute\">\n\t\t\t\t\t    <a href=\"https:\/\/www.sehnsucht-ruegen.com\/en\/yoga-und-nordic-walking-in-sellin\/\" title=\"Yoga und Nordic Walking in Sellin\">February 18, 2025<\/a>\n\t\t\t\t\t<\/div>\n\t\t\t    <\/div>\n\t\t\t    \t\t\t<\/div>\n\t    <\/div>\n\t    \n\t<\/div>\n\n<\/div>\n\n<!-- End each blog post --><!-- Begin each blog post -->\n<div class=\"blog-posts-grid post-3843 post type-post status-publish format-standard has-post-thumbnail hentry category-kulinarisches-en tag-barlauch-en tag-fruhling-en tag-hobbykoch-en tag-putbus-en tag-rugen-kulinarisch-en\">\n\n\t<div class=\"post_wrapper\">\n\t\t\n\t\t\t\t    <div class=\"post_img static\">\n\t\t\t    \t\t\t    <div class=\"post_img_hover \">\n\t\t\t     \t\t\t\t\t     <img decoding=\"async\" src=\"https:\/\/www.sehnsucht-ruegen.com\/wp-content\/uploads\/2025\/02\/bear-garlic-3946231_1920-960x604.jpg\" class=\"\" alt=\"a bunch of green leaves tied with a string\" title=\"\">\n\t\t\t\t     \t\t\t     \t\t\t\t     \t<a href=\"https:\/\/www.sehnsucht-ruegen.com\/en\/der-barlauch-ist-los\/\"><\/a>\n\t\t\t    <\/div>\n\t\t    <\/div>\n\t\t\t    \n\t    <div class=\"post_content_wrapper text_center\">\n\t\t    \n\t\t    <div class=\"post_header\">\n\t\t\t    \t\t\t    <div class=\"post_detail single_post\">\n\t\t\t    \t<span class=\"post_info_cat\">\n\t\t\t\t\t\t\t\t\t\t\t\t      \t<a href=\"https:\/\/www.sehnsucht-ruegen.com\/en\/category\/kulinarisches-en\/\">Kulinarisches<\/a>\n\t\t\t\t\t\t\t\t\t    \t<\/span>\n\t\t\t \t<\/div>\n\t\t\t \t\t\t\t\t<div class=\"post_header_title\">\n\t\t\t\t    <h5><a href=\"https:\/\/www.sehnsucht-ruegen.com\/en\/der-barlauch-ist-los\/\" title=\"Der B\u00e4rlauch ist los.\">Der B\u00e4rlauch ist los.<\/a><\/h5>\n\t\t\t\t<\/div>\n\t\t\t<\/div>\n\t    \n\t\t\t<div class=\"post_header_wrapper\">\n\t\t\t\t\t\t\t    \t\t\t    <div class=\"post_button_wrapper\">\n\t\t\t    \t<div class=\"post_attribute\">\n\t\t\t\t\t    <a href=\"https:\/\/www.sehnsucht-ruegen.com\/en\/der-barlauch-ist-los\/\" title=\"Der B\u00e4rlauch ist los.\">February 18, 2025<\/a>\n\t\t\t\t\t<\/div>\n\t\t\t    <\/div>\n\t\t\t    \t\t\t<\/div>\n\t    <\/div>\n\t    \n\t<\/div>\n\n<\/div>\n\n<!-- End each blog post --><!-- Begin each blog post -->\n<div class=\"blog-posts-grid post-3844 post type-post status-publish format-standard has-post-thumbnail hentry category-kunst-und-kultur-en tag-festspielfruhling-en tag-kultur-en tag-kunst-en tag-musik-en tag-orchestergala-en tag-rugen-en tag-sellin-en\">\n\n\t<div class=\"post_wrapper\">\n\t\t\n\t\t\t\t    <div class=\"post_img static\">\n\t\t\t    \t\t\t    <div class=\"post_img_hover \">\n\t\t\t     \t\t\t\t\t     <img decoding=\"async\" src=\"https:\/\/www.sehnsucht-ruegen.com\/wp-content\/uploads\/2025\/02\/orchestra-2496505_1920-960x604.jpg\" class=\"\" alt=\"a group of people playing violin\" title=\"\">\n\t\t\t\t     \t\t\t     \t\t\t\t     \t<a href=\"https:\/\/www.sehnsucht-ruegen.com\/en\/around-the-world-auf-rugen\/\"><\/a>\n\t\t\t    <\/div>\n\t\t    <\/div>\n\t\t\t    \n\t    <div class=\"post_content_wrapper text_center\">\n\t\t    \n\t\t    <div class=\"post_header\">\n\t\t\t    \t\t\t    <div class=\"post_detail single_post\">\n\t\t\t    \t<span class=\"post_info_cat\">\n\t\t\t\t\t\t\t\t\t\t\t\t      \t<a href=\"https:\/\/www.sehnsucht-ruegen.com\/en\/category\/kunst-und-kultur-en\/\">Kunst und Kultur<\/a>\n\t\t\t\t\t\t\t\t\t    \t<\/span>\n\t\t\t \t<\/div>\n\t\t\t \t\t\t\t\t<div class=\"post_header_title\">\n\t\t\t\t    <h5><a href=\"https:\/\/www.sehnsucht-ruegen.com\/en\/around-the-world-auf-rugen\/\" title=\"&#8216;Around the World&#8217; auf R\u00fcgen\">&#8216;Around the World&#8217; auf R\u00fcgen<\/a><\/h5>\n\t\t\t\t<\/div>\n\t\t\t<\/div>\n\t    \n\t\t\t<div class=\"post_header_wrapper\">\n\t\t\t\t\t\t\t    \t\t\t    <div class=\"post_button_wrapper\">\n\t\t\t    \t<div class=\"post_attribute\">\n\t\t\t\t\t    <a href=\"https:\/\/www.sehnsucht-ruegen.com\/en\/around-the-world-auf-rugen\/\" title=\"&#8216;Around the World&#8217; auf R\u00fcgen\">February 18, 2025<\/a>\n\t\t\t\t\t<\/div>\n\t\t\t    <\/div>\n\t\t\t    \t\t\t<\/div>\n\t    <\/div>\n\t    \n\t<\/div>\n\n<\/div>\n\n<!-- End each blog post --><!-- Begin each blog post -->\n<div class=\"blog-posts-grid post-3845 post type-post status-publish format-standard has-post-thumbnail hentry category-kunst-und-kultur-en\">\n\n\t<div class=\"post_wrapper\">\n\t\t\n\t\t\t\t    <div class=\"post_img static\">\n\t\t\t    \t\t\t    <div class=\"post_img_hover \">\n\t\t\t     \t\t\t\t\t     <img decoding=\"async\" src=\"https:\/\/www.sehnsucht-ruegen.com\/wp-content\/uploads\/2025\/02\/drums-2599508_1920-960x604.jpg\" class=\"\" alt=\"a person playing drums\" title=\"\">\n\t\t\t\t     \t\t\t     \t\t\t\t     \t<a href=\"https:\/\/www.sehnsucht-ruegen.com\/en\/es-wird-getrommelt\/\"><\/a>\n\t\t\t    <\/div>\n\t\t    <\/div>\n\t\t\t    \n\t    <div class=\"post_content_wrapper text_center\">\n\t\t    \n\t\t    <div class=\"post_header\">\n\t\t\t    \t\t\t    <div class=\"post_detail single_post\">\n\t\t\t    \t<span class=\"post_info_cat\">\n\t\t\t\t\t\t\t\t\t\t\t\t      \t<a href=\"https:\/\/www.sehnsucht-ruegen.com\/en\/category\/kunst-und-kultur-en\/\">Kunst und Kultur<\/a>\n\t\t\t\t\t\t\t\t\t    \t<\/span>\n\t\t\t \t<\/div>\n\t\t\t \t\t\t\t\t<div class=\"post_header_title\">\n\t\t\t\t    <h5><a href=\"https:\/\/www.sehnsucht-ruegen.com\/en\/es-wird-getrommelt\/\" title=\"Es wird getrommelt!\">Es wird getrommelt!<\/a><\/h5>\n\t\t\t\t<\/div>\n\t\t\t<\/div>\n\t    \n\t\t\t<div class=\"post_header_wrapper\">\n\t\t\t\t\t\t\t    \t\t\t    <div class=\"post_button_wrapper\">\n\t\t\t    \t<div class=\"post_attribute\">\n\t\t\t\t\t    <a href=\"https:\/\/www.sehnsucht-ruegen.com\/en\/es-wird-getrommelt\/\" title=\"Es wird getrommelt!\">February 18, 2025<\/a>\n\t\t\t\t\t<\/div>\n\t\t\t    <\/div>\n\t\t\t    \t\t\t<\/div>\n\t    <\/div>\n\t    \n\t<\/div>\n\n<\/div>\n\n<!-- End each blog post --><\/div>\n<br class=\"clear\"\/>\t\t\t\t<\/div>\n\t\t\t\t<\/div>\n\t\t\t\t\t<\/div>\n\t\t<\/div>\n\t\t\t\t\t<\/div>\n\t\t<\/section>\n\t\t\t\t<section class=\"elementor-section elementor-top-section elementor-element elementor-element-2376ebe elementor-section-stretched elementor-section-height-min-height elementor-section-boxed elementor-section-height-default elementor-section-items-middle\" data-id=\"2376ebe\" data-element_type=\"section\" data-settings=\"{&quot;stretch_section&quot;:&quot;section-stretched&quot;,&quot;shape_divider_bottom&quot;:&quot;waves&quot;,&quot;hoteller_ext_is_background_parallax&quot;:&quot;false&quot;,&quot;hoteller_ext_is_background_backdrop&quot;:&quot;false&quot;,&quot;hoteller_ext_is_background_on_scroll&quot;:&quot;false&quot;}\">\n\t\t\t\t\t<div class=\"elementor-shape elementor-shape-bottom\" data-negative=\"false\">\n\t\t\t<svg xmlns=\"http:\/\/www.w3.org\/2000\/svg\" viewBox=\"0 0 1000 100\" preserveAspectRatio=\"none\">\n\t<path class=\"elementor-shape-fill\" d=\"M421.9,6.5c22.6-2.5,51.5,0.4,75.5,5.3c23.6,4.9,70.9,23.5,100.5,35.7c75.8,32.2,133.7,44.5,192.6,49.7\n\tc23.6,2.1,48.7,3.5,103.4-2.5c54.7-6,106.2-25.6,106.2-25.6V0H0v30.3c0,0,72,32.6,158.4,30.5c39.2-0.7,92.8-6.7,134-22.4\n\tc21.2-8.1,52.2-18.2,79.7-24.2C399.3,7.9,411.6,7.5,421.9,6.5z\"\/>\n<\/svg>\t\t<\/div>\n\t\t\t\t\t<div class=\"elementor-container elementor-column-gap-default\">\n\t\t\t\t\t<div class=\"elementor-column elementor-col-100 elementor-top-column elementor-element elementor-element-1418538\" data-id=\"1418538\" data-element_type=\"column\" data-settings=\"{&quot;hoteller_ext_link_sidemenu&quot;:&quot;false&quot;,&quot;hoteller_ext_link_fullmenu&quot;:&quot;false&quot;,&quot;hoteller_ext_link_closed_fullmenu&quot;:&quot;false&quot;,&quot;hoteller_ext_is_scrollme&quot;:&quot;false&quot;,&quot;hoteller_ext_is_smoove&quot;:&quot;false&quot;,&quot;hoteller_ext_is_parallax_mouse&quot;:&quot;false&quot;,&quot;hoteller_ext_is_infinite&quot;:&quot;false&quot;,&quot;hoteller_ext_is_fadeout_animation&quot;:&quot;false&quot;,&quot;hoteller_ext_mobile_static&quot;:&quot;false&quot;}\">\n\t\t\t<div class=\"elementor-widget-wrap\">\n\t\t\t\t\t\t\t<\/div>\n\t\t<\/div>\n\t\t\t\t\t<\/div>\n\t\t<\/section>\n\t\t\t\t<\/div>\n\t\t","protected":false},"excerpt":{"rendered":"<p>&#8216;What&#8217;s up&#8217; in Sellin and surroundings Subscribe to our blog on Instagram and Facebook and stay up to date! Dies &amp; Das Spring Cleaning in the Biosphere Reserve \u2013 Together for a Clean Nature! March 11, 2025 Kulinarisches Whiskey ist [&hellip;]<\/p>\n","protected":false},"author":1,"featured_media":0,"parent":0,"menu_order":0,"comment_status":"closed","ping_status":"closed","template":"","meta":{"footnotes":""},"class_list":["post-5119","page","type-page","status-publish","hentry"],"_links":{"self":[{"href":"https:\/\/www.sehnsucht-ruegen.com\/en\/wp-json\/wp\/v2\/pages\/5119","targetHints":{"allow":["GET"]}}],"collection":[{"href":"https:\/\/www.sehnsucht-ruegen.com\/en\/wp-json\/wp\/v2\/pages"}],"about":[{"href":"https:\/\/www.sehnsucht-ruegen.com\/en\/wp-json\/wp\/v2\/types\/page"}],"author":[{"embeddable":true,"href":"https:\/\/www.sehnsucht-ruegen.com\/en\/wp-json\/wp\/v2\/users\/1"}],"replies":[{"embeddable":true,"href":"https:\/\/www.sehnsucht-ruegen.com\/en\/wp-json\/wp\/v2\/comments?post=5119"}],"version-history":[{"count":11,"href":"https:\/\/www.sehnsucht-ruegen.com\/en\/wp-json\/wp\/v2\/pages\/5119\/revisions"}],"predecessor-version":[{"id":5250,"href":"https:\/\/www.sehnsucht-ruegen.com\/en\/wp-json\/wp\/v2\/pages\/5119\/revisions\/5250"}],"wp:attachment":[{"href":"https:\/\/www.sehnsucht-ruegen.com\/en\/wp-json\/wp\/v2\/media?parent=5119"}],"curies":[{"name":"wp","href":"https:\/\/api.w.org\/{rel}","templated":true}]}}